{"id":4261,"date":"2016-03-29T08:32:15","date_gmt":"2016-03-29T08:32:15","guid":{"rendered":"http:\/\/vergo.me\/demo\/folioblog\/?page_id=4261"},"modified":"2026-01-07T16:17:06","modified_gmt":"2026-01-07T13:17:06","slug":"hakkimizda","status":"publish","type":"page","link":"https:\/\/turkoptisyenlikakademisi.org\/en\/hakkimizda\/","title":{"rendered":"Hakk\u0131m\u0131zda"},"content":{"rendered":"<div data-elementor-type=\"wp-page\" data-elementor-id=\"4261\" class=\"elementor elementor-4261\">\n\t\t\t\t\t\t<section class=\"elementor-section elementor-top-section elementor-element elementor-element-2feddb08 elementor-section-content-bottom elementor-section-boxed elementor-section-height-default elementor-section-height-default\" data-id=\"2feddb08\" data-element_type=\"section\" data-settings=\"{&quot;background_background&quot;:&quot;classic&quot;}\">\n\t\t\t\t\t\t\t<div class=\"elementor-background-overlay\"><\/div>\n\t\t\t\t\t\t\t<div class=\"elementor-container elementor-column-gap-wider\">\n\t\t\t\t\t<div class=\"elementor-column elementor-col-25 elementor-top-column elementor-element elementor-element-21d32753\" data-id=\"21d32753\" data-element_type=\"column\">\n\t\t\t<div class=\"elementor-widget-wrap\">\n\t\t\t\t\t\t\t<\/div>\n\t\t<\/div>\n\t\t\t\t<div class=\"elementor-column elementor-col-50 elementor-top-column elementor-element elementor-element-5f72fc88\" data-id=\"5f72fc88\" data-element_type=\"column\" data-settings=\"{&quot;background_background&quot;:&quot;classic&quot;}\">\n\t\t\t<div class=\"elementor-widget-wrap elementor-element-populated\">\n\t\t\t\t\t\t<div class=\"elementor-element elementor-element-6d9499f meta elementor-widget elementor-widget-heading\" data-id=\"6d9499f\" data-element_type=\"widget\" data-widget_type=\"heading.default\">\n\t\t\t\t\t<p class=\"elementor-heading-title elementor-size-default\">Hakk\u0131m\u0131zda<\/p>\t\t\t\t<\/div>\n\t\t\t\t<div class=\"elementor-element elementor-element-29f88dbe elementor-widget elementor-widget-heading\" data-id=\"29f88dbe\" data-element_type=\"widget\" data-widget_type=\"heading.default\">\n\t\t\t\t\t<h1 class=\"elementor-heading-title elementor-size-large\">T\u00fcrk Optisyenlik Akademisi, optisyenlik alan\u0131nda bilgiye eri\u015fimi kolayla\u015ft\u0131rmak, mesleki geli\u015fimi desteklemek ve do\u011fru g\u00f6zl\u00fck\u2013g\u00f6rme bilincini yayg\u0131nla\u015ft\u0131rmak amac\u0131yla kurulmu\u015f bir e\u011fitim ve i\u00e7erik platformudur.<\/h1>\t\t\t\t<\/div>\n\t\t\t\t\t<\/div>\n\t\t<\/div>\n\t\t\t\t<div class=\"elementor-column elementor-col-25 elementor-top-column elementor-element elementor-element-1a951b8\" data-id=\"1a951b8\" data-element_type=\"column\" data-settings=\"{&quot;background_background&quot;:&quot;classic&quot;}\">\n\t\t\t<div class=\"elementor-widget-wrap\">\n\t\t\t\t\t\t\t<\/div>\n\t\t<\/div>\n\t\t\t\t\t<\/div>\n\t\t<\/section>\n\t\t\t\t<section class=\"elementor-section elementor-top-section elementor-element elementor-element-a2f7863 elementor-section-boxed elementor-section-height-default elementor-section-height-default\" data-id=\"a2f7863\" data-element_type=\"section\">\n\t\t\t\t\t\t<div class=\"elementor-container elementor-column-gap-wider\">\n\t\t\t\t\t<div class=\"elementor-column elementor-col-50 elementor-top-column elementor-element elementor-element-c45bdd3\" data-id=\"c45bdd3\" data-element_type=\"column\">\n\t\t\t<div class=\"elementor-widget-wrap elementor-element-populated\">\n\t\t\t\t\t\t<div class=\"elementor-element elementor-element-1a81d4f meta elementor-widget elementor-widget-text-editor\" data-id=\"1a81d4f\" data-element_type=\"widget\" data-widget_type=\"text-editor.default\">\n\t\t\t\t\t\t\t\t\t<p>Neler Yapar\u0131z<\/p>\t\t\t\t\t\t\t\t<\/div>\n\t\t\t\t<div class=\"elementor-element elementor-element-e9c4bba elementor-widget elementor-widget-heading\" data-id=\"e9c4bba\" data-element_type=\"widget\" data-widget_type=\"heading.default\">\n\t\t\t\t\t<h4 class=\"elementor-heading-title elementor-size-default\">Optik sekt\u00f6r\u00fcndeki g\u00fcncel geli\u015fmeleri, temel bilgileri ve uygulamaya d\u00f6n\u00fck i\u00e7erikleri tek bir \u00e7at\u0131 alt\u0131nda toplayarak hem meslek profesyonellerine hem de g\u00f6z sa\u011fl\u0131\u011f\u0131 konusunda do\u011fru bilgi arayan herkese kaynak sunmay\u0131 hedefliyoruz.<\/h4>\t\t\t\t<\/div>\n\t\t\t\t<div class=\"elementor-element elementor-element-3bbfa46 elementor-widget elementor-widget-text-editor\" data-id=\"3bbfa46\" data-element_type=\"widget\" data-widget_type=\"text-editor.default\">\n\t\t\t\t\t\t\t\t\t<p data-start=\"588\" data-end=\"933\">Platformumuzda; re\u00e7ete okuma ve \u00f6l\u00e7\u00fcm tekniklerinden cam\u2013\u00e7er\u00e7eve bilgisine, montaj ve at\u00f6lye s\u00fcre\u00e7lerinden kontakt lens bilgilendirmesine kadar geni\u015f bir yelpazede makaleler ve rehber i\u00e7erikler yay\u0131nl\u0131yoruz. \u0130\u00e7eriklerimiz, anla\u015f\u0131l\u0131r bir dille haz\u0131rlan\u0131r; do\u011fru terminolojiye, g\u00fcvenilir bilgiye ve sahada i\u015fe yarayan pratik deneyimlere odaklan\u0131r.<\/p><p data-start=\"935\" data-end=\"1203\">\u00a0<\/p><p data-start=\"935\" data-end=\"1203\">T\u00fcrk Optisyenlik Akademisi olarak \u00f6nceli\u011fimiz; bilimsel yakla\u015f\u0131m\u0131, etik de\u011ferleri ve mesleki kaliteyi destekleyen bir yay\u0131n \u00e7izgisi s\u00fcrd\u00fcrmektir. Amac\u0131m\u0131z, optisyenlik mesle\u011fine de\u011fer katan, s\u00fcrekli geli\u015fen ve topluma fayda sa\u011flayan bir bilgi ekosistemi olu\u015fturmakt\u0131r.<\/p><p data-start=\"1205\" data-end=\"1298\">\u00a0<\/p><p data-start=\"1205\" data-end=\"1298\"><strong data-start=\"1205\" data-end=\"1233\">Bilgi payla\u015ft\u0131k\u00e7a b\u00fcy\u00fcr.<\/strong> T\u00fcrk Optisyenlik Akademisi\u2019nde, do\u011fru bilgiye birlikte ula\u015fal\u0131m.<\/p>\t\t\t\t\t\t\t\t<\/div>\n\t\t\t\t\t<\/div>\n\t\t<\/div>\n\t\t\t\t<div class=\"elementor-column elementor-col-50 elementor-top-column elementor-element elementor-element-054dcaf\" data-id=\"054dcaf\" data-element_type=\"column\">\n\t\t\t<div class=\"elementor-widget-wrap elementor-element-populated\">\n\t\t\t\t\t\t<div class=\"elementor-element elementor-element-ad6eff5 elementor-widget elementor-widget-heading\" data-id=\"ad6eff5\" data-element_type=\"widget\" data-widget_type=\"heading.default\">\n\t\t\t\t\t<h5 class=\"elementor-heading-title elementor-size-default\">T\u00fcrk Optisyenlik Akademisi<\/h5>\t\t\t\t<\/div>\n\t\t\t\t<div class=\"elementor-element elementor-element-0c293c8 elementor-widget elementor-widget-heading\" data-id=\"0c293c8\" data-element_type=\"widget\" data-widget_type=\"heading.default\">\n\t\t\t\t\t<p class=\"elementor-heading-title elementor-size-default\">Optisyenlik alan\u0131nda bilimsel yakla\u015f\u0131m\u0131 esas alan, e\u011fitim ve yay\u0131n odakl\u0131 kurumsal platform.<\/p>\t\t\t\t<\/div>\n\t\t\t\t<div class=\"elementor-element elementor-element-79e1bf9 elementor-widget elementor-widget-text-editor\" data-id=\"79e1bf9\" data-element_type=\"widget\" data-widget_type=\"text-editor.default\">\n\t\t\t\t\t\t\t\t\t<ul><li>T\u00fcrk Optisyenlik Akademisi, optisyenlik alan\u0131nda bilimsel yakla\u015f\u0131m\u0131 esas alan, e\u011fitim ve yay\u0131n odakl\u0131 bir platformdur.<br \/><br \/><\/li><li>Amac\u0131m\u0131z; mesleki bilgi birikimini g\u00fc\u00e7lendirmek, g\u00fcncel geli\u015fmeleri takip ederek nitelikli i\u00e7erikleri sekt\u00f6re kazand\u0131rmakt\u0131r.<br \/><br \/><\/li><li>Yay\u0131nlar\u0131m\u0131z; re\u00e7ete okuma, \u00f6l\u00e7\u00fcm teknikleri, cam\u2013\u00e7er\u00e7eve bilgisi, at\u00f6lye uygulamalar\u0131 ve g\u00f6z sa\u011fl\u0131\u011f\u0131 bilgilendirmesi gibi ba\u015fl\u0131klarda standartlar\u0131 y\u00fckseltmeyi hedefler.<br \/><br \/><\/li><li>T\u00fcm i\u00e7eriklerimizde do\u011fruluk, etik ilkelere ba\u011fl\u0131l\u0131k ve toplumsal fayda temel \u00f6nceli\u011fimizdir.<\/li><\/ul>\t\t\t\t\t\t\t\t<\/div>\n\t\t\t\t\t<\/div>\n\t\t<\/div>\n\t\t\t\t\t<\/div>\n\t\t<\/section>\n\t\t\t\t<section class=\"elementor-section elementor-top-section elementor-element elementor-element-271d2572 elementor-section-full_width elementor-hidden-desktop elementor-hidden-tablet elementor-hidden-mobile elementor-section-height-default elementor-section-height-default\" data-id=\"271d2572\" data-element_type=\"section\" data-settings=\"{&quot;background_background&quot;:&quot;classic&quot;}\">\n\t\t\t\t\t\t<div class=\"elementor-container elementor-column-gap-default\">\n\t\t\t\t\t<div class=\"elementor-column elementor-col-100 elementor-top-column elementor-element elementor-element-172dbf66\" data-id=\"172dbf66\" data-element_type=\"column\">\n\t\t\t<div class=\"elementor-widget-wrap elementor-element-populated\">\n\t\t\t\t\t\t<section class=\"elementor-section elementor-inner-section elementor-element elementor-element-7225ae4 elementor-section-boxed elementor-section-height-default elementor-section-height-default\" data-id=\"7225ae4\" data-element_type=\"section\">\n\t\t\t\t\t\t<div class=\"elementor-container elementor-column-gap-wider\">\n\t\t\t\t\t<div class=\"elementor-column elementor-col-50 elementor-inner-column elementor-element elementor-element-7d3cc8a\" data-id=\"7d3cc8a\" data-element_type=\"column\">\n\t\t\t<div class=\"elementor-widget-wrap elementor-element-populated\">\n\t\t\t\t\t\t<div class=\"elementor-element elementor-element-16e57ca meta elementor-widget elementor-widget-text-editor\" data-id=\"16e57ca\" data-element_type=\"widget\" data-widget_type=\"text-editor.default\">\n\t\t\t\t\t\t\t\t\t who is who?\t\t\t\t\t\t\t\t<\/div>\n\t\t\t\t<div class=\"elementor-element elementor-element-37d3f76 elementor-widget elementor-widget-heading\" data-id=\"37d3f76\" data-element_type=\"widget\" data-widget_type=\"heading.default\">\n\t\t\t\t\t<h4 class=\"elementor-heading-title elementor-size-default\">Editorial Team<\/h4>\t\t\t\t<\/div>\n\t\t\t\t<div class=\"elementor-element elementor-element-24d8c88 elementor-widget elementor-widget-text-editor\" data-id=\"24d8c88\" data-element_type=\"widget\" data-widget_type=\"text-editor.default\">\n\t\t\t\t\t\t\t\t\tThe key to success of every magazine is the working relationship between its key employees, and those are editor in chief and art director.\t\t\t\t\t\t\t\t<\/div>\n\t\t\t\t\t<\/div>\n\t\t<\/div>\n\t\t\t\t<div class=\"elementor-column elementor-col-50 elementor-inner-column elementor-element elementor-element-e65605f\" data-id=\"e65605f\" data-element_type=\"column\">\n\t\t\t<div class=\"elementor-widget-wrap\">\n\t\t\t\t\t\t\t<\/div>\n\t\t<\/div>\n\t\t\t\t\t<\/div>\n\t\t<\/section>\n\t\t\t\t<section class=\"elementor-section elementor-inner-section elementor-element elementor-element-080ca01 elementor-section-height-min-height elementor-section-content-bottom elementor-section-boxed elementor-section-height-default\" data-id=\"080ca01\" data-element_type=\"section\">\n\t\t\t\t\t\t<div class=\"elementor-container elementor-column-gap-wider\">\n\t\t\t\t\t<div class=\"elementor-column elementor-col-33 elementor-inner-column elementor-element elementor-element-a9ea17c\" data-id=\"a9ea17c\" data-element_type=\"column\" data-settings=\"{&quot;background_background&quot;:&quot;classic&quot;}\">\n\t\t\t<div class=\"elementor-widget-wrap elementor-element-populated\">\n\t\t\t\t\t\t<div class=\"elementor-element elementor-element-eb5167d elementor-widget elementor-widget-heading\" data-id=\"eb5167d\" data-element_type=\"widget\" data-widget_type=\"heading.default\">\n\t\t\t\t\t<h4 class=\"elementor-heading-title elementor-size-default\">David Carson<\/h4>\t\t\t\t<\/div>\n\t\t\t\t\t<\/div>\n\t\t<\/div>\n\t\t\t\t<div class=\"elementor-column elementor-col-33 elementor-inner-column elementor-element elementor-element-664ed2f\" data-id=\"664ed2f\" data-element_type=\"column\" data-settings=\"{&quot;background_background&quot;:&quot;classic&quot;}\">\n\t\t\t<div class=\"elementor-widget-wrap elementor-element-populated\">\n\t\t\t\t\t\t<div class=\"elementor-element elementor-element-5099ec5 elementor-widget elementor-widget-heading\" data-id=\"5099ec5\" data-element_type=\"widget\" data-widget_type=\"heading.default\">\n\t\t\t\t\t<h4 class=\"elementor-heading-title elementor-size-default\">Sopia Schwimmer<\/h4>\t\t\t\t<\/div>\n\t\t\t\t\t<\/div>\n\t\t<\/div>\n\t\t\t\t<div class=\"elementor-column elementor-col-33 elementor-inner-column elementor-element elementor-element-7037271\" data-id=\"7037271\" data-element_type=\"column\" data-settings=\"{&quot;background_background&quot;:&quot;classic&quot;}\">\n\t\t\t<div class=\"elementor-widget-wrap elementor-element-populated\">\n\t\t\t\t\t\t<div class=\"elementor-element elementor-element-552d7ab elementor-widget elementor-widget-heading\" data-id=\"552d7ab\" data-element_type=\"widget\" data-widget_type=\"heading.default\">\n\t\t\t\t\t<h4 class=\"elementor-heading-title elementor-size-default\">Damia Barkley<\/h4>\t\t\t\t<\/div>\n\t\t\t\t\t<\/div>\n\t\t<\/div>\n\t\t\t\t\t<\/div>\n\t\t<\/section>\n\t\t\t\t\t<\/div>\n\t\t<\/div>\n\t\t\t\t\t<\/div>\n\t\t<\/section>\n\t\t\t\t<section class=\"elementor-section elementor-top-section elementor-element elementor-element-583e4bf elementor-section-boxed elementor-section-height-default elementor-section-height-default\" data-id=\"583e4bf\" data-element_type=\"section\">\n\t\t\t\t\t\t<div class=\"elementor-container elementor-column-gap-wider\">\n\t\t\t\t\t<div class=\"elementor-column elementor-col-33 elementor-top-column elementor-element elementor-element-27c46f5\" data-id=\"27c46f5\" data-element_type=\"column\">\n\t\t\t<div class=\"elementor-widget-wrap elementor-element-populated\">\n\t\t\t\t\t\t<div class=\"elementor-element elementor-element-8fe7c7f meta elementor-widget elementor-widget-text-editor\" data-id=\"8fe7c7f\" data-element_type=\"widget\" data-widget_type=\"text-editor.default\">\n\t\t\t\t\t\t\t\t\t<p>Bize Ula\u015f\u0131n<\/p>\t\t\t\t\t\t\t\t<\/div>\n\t\t\t\t<div class=\"elementor-element elementor-element-dd53d28 elementor-widget elementor-widget-heading\" data-id=\"dd53d28\" data-element_type=\"widget\" data-widget_type=\"heading.default\">\n\t\t\t\t\t<h4 class=\"elementor-heading-title elementor-size-default\">Sorular\u0131n\u0131z, i\u015f birli\u011fi talepleriniz ve g\u00f6r\u00fc\u015fleriniz i\u00e7in bizimle ileti\u015fime ge\u00e7ebilirsiniz. En k\u0131sa s\u00fcrede size d\u00f6n\u00fc\u015f sa\u011flayarak gerekli y\u00f6nlendirmeyi yapaca\u011f\u0131z.<\/h4>\t\t\t\t<\/div>\n\t\t\t\t<div class=\"elementor-element elementor-element-9beec2a elementor-widget-divider--view-line elementor-widget elementor-widget-divider\" data-id=\"9beec2a\" data-element_type=\"widget\" data-widget_type=\"divider.default\">\n\t\t\t\t\t\t\t<div class=\"elementor-divider\">\n\t\t\t<span class=\"elementor-divider-separator\">\n\t\t\t\t\t\t<\/span>\n\t\t<\/div>\n\t\t\t\t\t\t<\/div>\n\t\t\t\t<section class=\"elementor-section elementor-inner-section elementor-element elementor-element-830ae8d elementor-section-boxed elementor-section-height-default elementor-section-height-default\" data-id=\"830ae8d\" data-element_type=\"section\">\n\t\t\t\t\t\t<div class=\"elementor-container elementor-column-gap-no\">\n\t\t\t\t\t<div class=\"elementor-column elementor-col-100 elementor-inner-column elementor-element elementor-element-76c5dfe\" data-id=\"76c5dfe\" data-element_type=\"column\">\n\t\t\t<div class=\"elementor-widget-wrap elementor-element-populated\">\n\t\t\t\t\t\t<div class=\"elementor-element elementor-element-fef6f4a elementor-widget elementor-widget-heading\" data-id=\"fef6f4a\" data-element_type=\"widget\" data-widget_type=\"heading.default\">\n\t\t\t\t\t<h5 class=\"elementor-heading-title elementor-size-default\">E-Mail Adresimiz<\/h5>\t\t\t\t<\/div>\n\t\t\t\t<div class=\"elementor-element elementor-element-fb21c50 elementor-widget elementor-widget-heading\" data-id=\"fb21c50\" data-element_type=\"widget\" data-widget_type=\"heading.default\">\n\t\t\t\t\t<h5 class=\"elementor-heading-title elementor-size-default\">info@turkoptisyenlikakademisi.org<\/h5>\t\t\t\t<\/div>\n\t\t\t\t\t<\/div>\n\t\t<\/div>\n\t\t\t\t\t<\/div>\n\t\t<\/section>\n\t\t\t\t\t<\/div>\n\t\t<\/div>\n\t\t\t\t<div class=\"elementor-column elementor-col-33 elementor-top-column elementor-element elementor-element-9a63298\" data-id=\"9a63298\" data-element_type=\"column\">\n\t\t\t<div class=\"elementor-widget-wrap\">\n\t\t\t\t\t\t\t<\/div>\n\t\t<\/div>\n\t\t\t\t<div class=\"elementor-column elementor-col-33 elementor-top-column elementor-element elementor-element-ce5c748\" data-id=\"ce5c748\" data-element_type=\"column\">\n\t\t\t<div class=\"elementor-widget-wrap elementor-element-populated\">\n\t\t\t\t\t\t<section class=\"elementor-section elementor-inner-section elementor-element elementor-element-9fde2a5 elementor-section-boxed elementor-section-height-default elementor-section-height-default\" data-id=\"9fde2a5\" data-element_type=\"section\">\n\t\t\t\t\t\t<div class=\"elementor-container elementor-column-gap-default\">\n\t\t\t\t\t<div class=\"elementor-column elementor-col-100 elementor-inner-column elementor-element elementor-element-5ed76b9\" data-id=\"5ed76b9\" data-element_type=\"column\">\n\t\t\t<div class=\"elementor-widget-wrap elementor-element-populated\">\n\t\t\t\t\t\t<div class=\"elementor-element elementor-element-40c91be elementor-widget elementor-widget-shortcode\" data-id=\"40c91be\" data-element_type=\"widget\" data-widget_type=\"shortcode.default\">\n\t\t\t\t\t\t\t<div class=\"elementor-shortcode\">\n<div class=\"wpcf7 no-js\" id=\"wpcf7-f6393-o1\" lang=\"tr-TR\" dir=\"ltr\" data-wpcf7-id=\"6393\">\n<div class=\"screen-reader-response\"><p role=\"status\" aria-live=\"polite\" aria-atomic=\"true\"><\/p> <ul><\/ul><\/div>\n<form action=\"\/en\/wp-json\/wp\/v2\/pages\/4261#wpcf7-f6393-o1\" method=\"post\" class=\"wpcf7-form init\" aria-label=\"\u0130leti\u015fim Formu\" novalidate=\"novalidate\" data-status=\"init\" data-trp-original-action=\"\/en\/wp-json\/wp\/v2\/pages\/4261#wpcf7-f6393-o1\">\n<fieldset class=\"hidden-fields-container\"><input type=\"hidden\" name=\"_wpcf7\" value=\"6393\" \/><input type=\"hidden\" name=\"_wpcf7_version\" value=\"6.1.4\" \/><input type=\"hidden\" name=\"_wpcf7_locale\" value=\"tr_TR\" \/><input type=\"hidden\" name=\"_wpcf7_unit_tag\" value=\"wpcf7-f6393-o1\" \/><input type=\"hidden\" name=\"_wpcf7_container_post\" value=\"0\" \/><input type=\"hidden\" name=\"_wpcf7_posted_data_hash\" value=\"\" \/>\n<\/fieldset>\n<p><label> Ad\u0131n\u0131z<br \/>\n<span class=\"wpcf7-form-control-wrap\" data-name=\"your-name\"><input size=\"40\" maxlength=\"400\" class=\"wpcf7-form-control wpcf7-text wpcf7-validates-as-required\" autocomplete=\"name\" aria-required=\"true\" aria-invalid=\"false\" value=\"\" type=\"text\" name=\"your-name\" \/><\/span> <\/label>\n<\/p>\n<p><label> E-posta adresiniz<br \/>\n<span class=\"wpcf7-form-control-wrap\" data-name=\"your-email\"><input size=\"40\" maxlength=\"400\" class=\"wpcf7-form-control wpcf7-email wpcf7-validates-as-required wpcf7-text wpcf7-validates-as-email\" autocomplete=\"email\" aria-required=\"true\" aria-invalid=\"false\" value=\"\" type=\"email\" name=\"your-email\" \/><\/span> <\/label>\n<\/p>\n<p><label> Konu<br \/>\n<span class=\"wpcf7-form-control-wrap\" data-name=\"your-subject\"><input size=\"40\" maxlength=\"400\" class=\"wpcf7-form-control wpcf7-text wpcf7-validates-as-required\" aria-required=\"true\" aria-invalid=\"false\" value=\"\" type=\"text\" name=\"your-subject\" \/><\/span> <\/label>\n<\/p>\n<p><label> \u0130letiniz (tercihe ba\u011fl\u0131)<br \/>\n<span class=\"wpcf7-form-control-wrap\" data-name=\"your-message\"><textarea cols=\"40\" rows=\"10\" maxlength=\"2000\" class=\"wpcf7-form-control wpcf7-textarea\" aria-invalid=\"false\" name=\"your-message\"><\/textarea><\/span> <\/label>\n<\/p>\n<p><input class=\"wpcf7-form-control wpcf7-submit has-spinner\" type=\"submit\" value=\"G\u00f6nder\" \/>\n<\/p><div class=\"wpcf7-response-output\" aria-hidden=\"true\"><\/div>\n<input type=\"hidden\" name=\"trp-form-language\" value=\"en\"\/><\/form>\n<\/div>\n<\/div>\n\t\t\t\t\t\t<\/div>\n\t\t\t\t\t<\/div>\n\t\t<\/div>\n\t\t\t\t\t<\/div>\n\t\t<\/section>\n\t\t\t\t\t<\/div>\n\t\t<\/div>\n\t\t\t\t\t<\/div>\n\t\t<\/section>\n\t\t\t\t<\/div>","protected":false},"excerpt":{"rendered":"<div class=\"tmnf_excerpt\"><p>Hakk\u0131m\u0131zda T\u00fcrk Optisyenlik Akademisi, optisyenlik alan\u0131nda bilgiye eri\u015fimi kolayla\u015ft\u0131rmak, mesleki geli\u015fimi desteklemek ve do\u011fru g\u00f6zl\u00fck\u2013g\u00f6rme bilincini yayg\u0131nla\u015ft\u0131rmak amac\u0131yla kurulmu\u015f bir e\u011fitim ve i\u00e7erik platformudur. Neler Yapar\u0131z Optik sekt\u00f6r\u00fcndeki g\u00fcncel geli\u015fmeleri, temel bilgileri ve uygulamaya d\u00f6n\u00fck i\u00e7erikleri tek bir \u00e7at\u0131 alt\u0131nda toplayarak hem meslek profesyonellerine hem de g\u00f6z sa\u011fl\u0131\u011f\u0131 konusunda do\u011fru bilgi arayan herkese kaynak sunmay\u0131 &hellip;<\/p>\n<\/div>","protected":false},"author":1,"featured_media":0,"parent":0,"menu_order":0,"comment_status":"closed","ping_status":"closed","template":"homepage-hero-cover.php","meta":{"footnotes":""},"class_list":["post-4261","page","type-page","status-publish","hentry"],"_links":{"self":[{"href":"https:\/\/turkoptisyenlikakademisi.org\/en\/wp-json\/wp\/v2\/pages\/4261","targetHints":{"allow":["GET"]}}],"collection":[{"href":"https:\/\/turkoptisyenlikakademisi.org\/en\/wp-json\/wp\/v2\/pages"}],"about":[{"href":"https:\/\/turkoptisyenlikakademisi.org\/en\/wp-json\/wp\/v2\/types\/page"}],"author":[{"embeddable":true,"href":"https:\/\/turkoptisyenlikakademisi.org\/en\/wp-json\/wp\/v2\/users\/1"}],"replies":[{"embeddable":true,"href":"https:\/\/turkoptisyenlikakademisi.org\/en\/wp-json\/wp\/v2\/comments?post=4261"}],"version-history":[{"count":8,"href":"https:\/\/turkoptisyenlikakademisi.org\/en\/wp-json\/wp\/v2\/pages\/4261\/revisions"}],"predecessor-version":[{"id":6575,"href":"https:\/\/turkoptisyenlikakademisi.org\/en\/wp-json\/wp\/v2\/pages\/4261\/revisions\/6575"}],"wp:attachment":[{"href":"https:\/\/turkoptisyenlikakademisi.org\/en\/wp-json\/wp\/v2\/media?parent=4261"}],"curies":[{"name":"wp","href":"https:\/\/api.w.org\/{rel}","templated":true}]}}